{"id":27,"date":"2017-10-26T11:39:07","date_gmt":"2017-10-26T11:39:07","guid":{"rendered":"http:\/\/brandexponents.com\/oshin\/v29\/?page_id=27"},"modified":"2025-08-01T20:09:03","modified_gmt":"2025-08-01T20:09:03","slug":"o-mnie","status":"publish","type":"page","link":"https:\/\/www.pracowniaprojektm.pl\/index.php\/o-mnie\/","title":{"rendered":"PRACOWNIA"},"content":{"rendered":"\t\t<div data-elementor-type=\"wp-page\" data-elementor-id=\"27\" class=\"elementor elementor-27\" data-elementor-post-type=\"page\">\n\t\t\t\t<div class=\"elementor-element elementor-element-a9dc5c8 e-con-full elementor-hidden-tablet elementor-hidden-mobile e-flex e-con e-parent\" data-id=\"a9dc5c8\" data-element_type=\"container\" data-e-type=\"container\">\n\t\t<div class=\"elementor-element elementor-element-9a30559 e-con-full e-flex e-con e-child\" data-id=\"9a30559\" data-element_type=\"container\" data-e-type=\"container\">\n\t\t\t\t<div class=\"elementor-element elementor-element-e37b8fd elementor-widget elementor-widget-heading\" data-id=\"e37b8fd\" data-element_type=\"widget\" data-e-type=\"widget\" data-widget_type=\"heading.default\">\n\t\t\t\t<div class=\"elementor-widget-container\">\n\t\t\t\t\t<h2 class=\"elementor-heading-title elementor-size-default\">POZNAJMY SI\u0118!<\/h2>\t\t\t\t<\/div>\n\t\t\t\t<\/div>\n\t\t\t\t<div class=\"elementor-element elementor-element-8ddbc9c elementor-widget__width-initial elementor-widget elementor-widget-text-editor\" data-id=\"8ddbc9c\" data-element_type=\"widget\" data-e-type=\"widget\" data-widget_type=\"text-editor.default\">\n\t\t\t\t<div class=\"elementor-widget-container\">\n\t\t\t\t\t\t\t\t\t<span style=\"font-weight: 400;\">Nazywam si\u0119<strong> Magdalena Miszczyk-Tatara.<\/strong> Zajmuj\u0119 si\u0119 kompleksowym projektowaniem wn\u0119trz prywatnych oraz publicznych. Pracowni\u0119 za\u0142o\u017cy\u0142am w 2017 roku.\n<br><br>\nKa\u017cdy projekt to nowe wyzwanie, do kt\u00f3rego podchodz\u0119 z pasj\u0105 i zaanga\u017cowaniem. Uwa\u017cam, \u017ce ws\u0142uchanie si\u0119 w Pa\u0144stwa potrzeby, poznanie osobowo\u015bci oraz stylu \u017cycia pozwoli mi stworzy\u0107 dopasowan\u0105 przestrze\u0144. Dom powinien by\u0107 odzwierciedleniem Pa\u0144stwa energii.\nNie mam wybranego stylu. Jestem otwarta na tworzenie nieszablonowych rozwi\u0105za\u0144. Przywi\u0105zuj\u0119 du\u017c\u0105 uwag\u0119 do dba\u0142o\u015bci o estetyk\u0119 i detale. Wierz\u0119, \u017ce otoczenie wp\u0142ywa na nasze samopoczucie oraz styl \u017cycia. Przebywanie w pi\u0119knych, funkcjonalnych wn\u0119trzach wywo\u0142uje pozytywne emocje.\nJako architektka chcia\u0142abym wp\u0142ywa\u0107 na jako\u015b\u0107 \u017cycia moich klient\u00f3w dbaj\u0105c o Pa\u0144stwa komfort.\n<br><br>\nDecyduj\u0105c si\u0119 na wsp\u00f3\u0142prac\u0119 ze mn\u0105 otrzymuj\u0105 Pa\u0144stwo indywidualne podej\u015bcie, kompletn\u0105 us\u0142ug\u0119, profesjonalnie opracowan\u0105 dokumentacj\u0119 ze szczeg\u00f3\u0142owymi rysunkami technicznymi, doradztwo na etapie wyboru wykonawc\u00f3w oraz nadz\u00f3r nad wszystkimi etapami inwestycji.\n<br><br>\nWykszta\u0142cenie zdobywa\u0142am na Wydziale Budownictwa, Architektury i In\u017cynierii \u015arodowiska na Politechnice w \u0141odzi na kierunku Architektura i Urbanistyka. Wierz\u0119, \u017ce dom powinien sp\u00f3jnie \u0142\u0105czy\u0107 si\u0119 z jego wn\u0119trzem oraz ogrodem lub przestrzeni\u0105 go otaczaj\u0105c\u0105. Studia podyplomowe Projektowanie domu z ogrodem rodzinnym na SGGW w Warszawie by\u0142y dope\u0142nieniem poszukiwania tej idei. Do\u015bwiadczenie zawodowe zdobywa\u0142am w biurach architektonicznych w \u0141odzi projektuj\u0105c zar\u00f3wno budynki oraz wn\u0119trza prywatne i komercyjne. W\u0142a\u015bnie tak\u0105 r\u00f3\u017cnorodno\u015b\u0107 podejmowanych temat\u00f3w najbardziej ceni\u0119 w swoim zawodzie. Daje mi ona mo\u017cliwo\u015b\u0107 ci\u0105g\u0142ego rozwoju i nie pozwala na nud\u0119. <br><br>\nGdy nie projektuj\u0119 uwielbiam podr\u00f3\u017cowa\u0107, z czego staram si\u0119 nieustannie czerpa\u0107 nowe inspiracje. Cz\u0119sto odwiedzam targi staroci. Du\u017c\u0105 przyjemno\u015b\u0107 sprawia mi wyszukiwanie starych mebli, kt\u00f3re p\u00f3\u017aniej odnawiam, wykorzystuj\u0105c je niekiedy w swoich projektach. Jednym z moich osi\u0105gni\u0119\u0107 by\u0142o zdanie egzamin\u00f3w do Akademii Sztuk Pi\u0119knych w \u0141odzi co pozostawi\u0142o we mnie zami\u0142owanie do r\u0119kodzie\u0142a, malarstwa i sztuki.\n<br><br>\nSerdecznie zapraszam do obejrzenia moich <strong><a href=\"https:\/\/www.pracowniaprojektm.pl\/index.php\/portfolio\/\">projekt\u00f3w<\/a><\/strong> oraz wsp\u00f3\u0142pracy. Realizuj\u0119 je w ka\u017cdej skali na terenie ca\u0142ego kraju.\t\t\t\t\t\t\t\t<\/div>\n\t\t\t\t<\/div>\n\t\t\t\t<\/div>\n\t\t<div class=\"elementor-element elementor-element-5cf6a0d e-con-full e-flex e-con e-child\" data-id=\"5cf6a0d\" data-element_type=\"container\" data-e-type=\"container\">\n\t\t\t\t<div class=\"elementor-element elementor-element-d8bcc94 elementor-widget__width-initial elementor-widget elementor-widget-image\" data-id=\"d8bcc94\" data-element_type=\"widget\" data-e-type=\"widget\" data-widget_type=\"image.default\">\n\t\t\t\t<div class=\"elementor-widget-container\">\n\t\t\t\t\t\t\t\t\t\t\t\t\t\t\t<img decoding=\"async\" src=\"https:\/\/www.pracowniaprojektm.pl\/wp-content\/uploads\/elementor\/thumbs\/Full-Photo-Raspberry-Workshop-46zmiana-scaled-r5r8i8elmy40g371qz02ac6lmnwd7drvq33rogvd1g.jpg\" title=\"Full &#8211; Photo &#8211; Raspberry Workshop-46zmiana\" alt=\"Full - Photo - Raspberry Workshop-46zmiana\" loading=\"lazy\" \/>\t\t\t\t\t\t\t\t\t\t\t\t\t\t\t<\/div>\n\t\t\t\t<\/div>\n\t\t\t\t<\/div>\n\t\t\t\t<\/div>\n\t\t<div class=\"elementor-element elementor-element-a336f32 e-flex e-con-boxed e-con e-parent\" data-id=\"a336f32\" data-element_type=\"container\" data-e-type=\"container\">\n\t\t\t\t\t<div class=\"e-con-inner\">\n\t\t\t\t<div class=\"elementor-element elementor-element-2f1b2b6 elementor-hidden-desktop elementor-widget elementor-widget-heading\" data-id=\"2f1b2b6\" data-element_type=\"widget\" data-e-type=\"widget\" data-widget_type=\"heading.default\">\n\t\t\t\t<div class=\"elementor-widget-container\">\n\t\t\t\t\t<h2 class=\"elementor-heading-title elementor-size-default\">POZNAJMY SI\u0118!<\/h2>\t\t\t\t<\/div>\n\t\t\t\t<\/div>\n\t\t\t\t<div class=\"elementor-element elementor-element-d0ceea1 elementor-widget__width-initial elementor-hidden-desktop elementor-widget elementor-widget-text-editor\" data-id=\"d0ceea1\" data-element_type=\"widget\" data-e-type=\"widget\" data-widget_type=\"text-editor.default\">\n\t\t\t\t<div class=\"elementor-widget-container\">\n\t\t\t\t\t\t\t\t\t<span style=\"font-weight: 400;\">Nazywam si\u0119<strong> Magdalena Miszczyk-Tatara.<\/strong> Zajmuj\u0119 si\u0119 kompleksowym projektowaniem wn\u0119trz prywatnych oraz publicznych. Pracowni\u0119 za\u0142o\u017cy\u0142am w 2017 roku.\n<br><br>\nKa\u017cdy projekt to nowe wyzwanie, do kt\u00f3rego podchodz\u0119 z pasj\u0105 i zaanga\u017cowaniem. Uwa\u017cam, \u017ce ws\u0142uchanie si\u0119 w Pa\u0144stwa potrzeby, poznanie osobowo\u015bci oraz stylu \u017cycia pozwoli mi stworzy\u0107 dopasowan\u0105 przestrze\u0144. Dom powinien by\u0107 odzwierciedleniem Pa\u0144stwa energii.\nNie mam wybranego stylu. Jestem otwarta na tworzenie nieszablonowych rozwi\u0105za\u0144. Przywi\u0105zuj\u0119 du\u017c\u0105 uwag\u0119 do dba\u0142o\u015bci o estetyk\u0119 i detale. Wierz\u0119, \u017ce otoczenie wp\u0142ywa na nasze samopoczucie oraz styl \u017cycia. Przebywanie w pi\u0119knych, funkcjonalnych wn\u0119trzach wywo\u0142uje pozytywne emocje.\nJako architektka chcia\u0142abym wp\u0142ywa\u0107 na jako\u015b\u0107 \u017cycia moich klient\u00f3w dbaj\u0105c o Pa\u0144stwa komfort.\n<br><br>\nDecyduj\u0105c si\u0119 na wsp\u00f3\u0142prac\u0119 ze mn\u0105 otrzymuj\u0105 Pa\u0144stwo indywidualne podej\u015bcie, kompletn\u0105 us\u0142ug\u0119, profesjonalnie opracowan\u0105 dokumentacj\u0119 ze szczeg\u00f3\u0142owymi rysunkami technicznymi, doradztwo na etapie wyboru wykonawc\u00f3w oraz nadz\u00f3r nad wszystkimi etapami inwestycji.\n<br><br>\nWykszta\u0142cenie zdobywa\u0142am na Wydziale Budownictwa, Architektury i In\u017cynierii \u015arodowiska na Politechnice w \u0141odzi na kierunku Architektura i Urbanistyka. Wierz\u0119, \u017ce dom powinien sp\u00f3jnie \u0142\u0105czy\u0107 si\u0119 z jego wn\u0119trzem oraz ogrodem lub przestrzeni\u0105 go otaczaj\u0105c\u0105. Studia podyplomowe Projektowanie domu z ogrodem rodzinnym na SGGW w Warszawie by\u0142y dope\u0142nieniem poszukiwania tej idei. Do\u015bwiadczenie zawodowe zdobywa\u0142am w biurach architektonicznych w \u0141odzi projektuj\u0105c zar\u00f3wno budynki oraz wn\u0119trza prywatne i komercyjne. W\u0142a\u015bnie tak\u0105 r\u00f3\u017cnorodno\u015b\u0107 podejmowanych temat\u00f3w najbardziej ceni\u0119 w swoim zawodzie. Daje mi ona mo\u017cliwo\u015b\u0107 ci\u0105g\u0142ego rozwoju i nie pozwala na nud\u0119.<br><br>\nGdy nie projektuj\u0119 uwielbiam podr\u00f3\u017cowa\u0107, z czego staram si\u0119 nieustannie czerpa\u0107 nowe inspiracje. Cz\u0119sto odwiedzam targi staroci. Du\u017c\u0105 przyjemno\u015b\u0107 sprawia mi wyszukiwanie starych mebli, kt\u00f3re p\u00f3\u017aniej odnawiam, wykorzystuj\u0105c je niekiedy w swoich projektach. Jednym z moich osi\u0105gni\u0119\u0107 by\u0142o zdanie egzamin\u00f3w do Akademii Sztuk Pi\u0119knych w \u0141odzi co pozostawi\u0142o we mnie zami\u0142owanie do r\u0119kodzie\u0142a, malarstwa i sztuki.\n<br><br>\nSerdecznie zapraszam do obejrzenia moich <strong><a href=\"https:\/\/www.pracowniaprojektm.pl\/index.php\/portfolio\/\">projekt\u00f3w<\/a><\/strong> oraz wsp\u00f3\u0142pracy. Realizuj\u0119 je w ka\u017cdej skali na terenie ca\u0142ego kraju.<\/span>\t\t\t\t\t\t\t\t<\/div>\n\t\t\t\t<\/div>\n\t\t\t\t\t<\/div>\n\t\t\t\t<\/div>\n\t\t<div class=\"elementor-element elementor-element-9a72bac elementor-hidden-desktop e-flex e-con-boxed e-con e-parent\" data-id=\"9a72bac\" data-element_type=\"container\" data-e-type=\"container\">\n\t\t\t\t\t<div class=\"e-con-inner\">\n\t\t\t\t<div class=\"elementor-element elementor-element-a320ba7 elementor-widget__width-initial elementor-hidden-desktop elementor-widget elementor-widget-image\" data-id=\"a320ba7\" data-element_type=\"widget\" data-e-type=\"widget\" data-widget_type=\"image.default\">\n\t\t\t\t<div class=\"elementor-widget-container\">\n\t\t\t\t\t\t\t\t\t\t\t\t\t\t\t<img decoding=\"async\" src=\"https:\/\/www.pracowniaprojektm.pl\/wp-content\/uploads\/elementor\/thumbs\/Full-Photo-Raspberry-Workshop-46zmiana-scaled-r5r8i8elmy40g371qz02ac6lmnwd7drvq33rogvd1g.jpg\" title=\"Full &#8211; Photo &#8211; Raspberry Workshop-46zmiana\" alt=\"Full - Photo - Raspberry Workshop-46zmiana\" loading=\"lazy\" \/>\t\t\t\t\t\t\t\t\t\t\t\t\t\t\t<\/div>\n\t\t\t\t<\/div>\n\t\t\t\t\t<\/div>\n\t\t\t\t<\/div>\n\t\t<div class=\"elementor-element elementor-element-f91cb05 e-flex e-con-boxed e-con e-parent\" data-id=\"f91cb05\" data-element_type=\"container\" data-e-type=\"container\">\n\t\t\t\t\t<div class=\"e-con-inner\">\n\t\t\t\t<div class=\"elementor-element elementor-element-d6fb386 elementor-widget elementor-widget-spacer\" data-id=\"d6fb386\" data-element_type=\"widget\" data-e-type=\"widget\" data-widget_type=\"spacer.default\">\n\t\t\t\t<div class=\"elementor-widget-container\">\n\t\t\t\t\t\t\t<div class=\"elementor-spacer\">\n\t\t\t<div class=\"elementor-spacer-inner\"><\/div>\n\t\t<\/div>\n\t\t\t\t\t\t<\/div>\n\t\t\t\t<\/div>\n\t\t\t\t\t<\/div>\n\t\t\t\t<\/div>\n\t\t\t\t<\/div>\n\t\t","protected":false},"excerpt":{"rendered":"<p>POZNAJMY SI\u0118! Nazywam si\u0119 Magdalena Miszczyk-Tatara. Zajmuj\u0119 si\u0119 kompleksowym projektowaniem wn\u0119trz prywatnych oraz publicznych. Pracowni\u0119 za\u0142o\u017cy\u0142am w 2017 roku. Ka\u017cdy projekt to nowe wyzwanie, do kt\u00f3rego podchodz\u0119 z pasj\u0105 i [&hellip;]<\/p>\n<p><a href=\"https:\/\/www.pracowniaprojektm.pl\/index.php\/o-mnie\/\" class=\"more-link style3-button\">Read More<\/a><\/p>","protected":false},"author":1,"featured_media":0,"parent":0,"menu_order":0,"comment_status":"closed","ping_status":"closed","template":"elementor_header_footer","meta":{"footnotes":""},"class_list":["post-27","page","type-page","status-publish","hentry"],"_links":{"self":[{"href":"https:\/\/www.pracowniaprojektm.pl\/index.php\/wp-json\/wp\/v2\/pages\/27","targetHints":{"allow":["GET"]}}],"collection":[{"href":"https:\/\/www.pracowniaprojektm.pl\/index.php\/wp-json\/wp\/v2\/pages"}],"about":[{"href":"https:\/\/www.pracowniaprojektm.pl\/index.php\/wp-json\/wp\/v2\/types\/page"}],"author":[{"embeddable":true,"href":"https:\/\/www.pracowniaprojektm.pl\/index.php\/wp-json\/wp\/v2\/users\/1"}],"replies":[{"embeddable":true,"href":"https:\/\/www.pracowniaprojektm.pl\/index.php\/wp-json\/wp\/v2\/comments?post=27"}],"version-history":[{"count":60,"href":"https:\/\/www.pracowniaprojektm.pl\/index.php\/wp-json\/wp\/v2\/pages\/27\/revisions"}],"predecessor-version":[{"id":6265,"href":"https:\/\/www.pracowniaprojektm.pl\/index.php\/wp-json\/wp\/v2\/pages\/27\/revisions\/6265"}],"wp:attachment":[{"href":"https:\/\/www.pracowniaprojektm.pl\/index.php\/wp-json\/wp\/v2\/media?parent=27"}],"curies":[{"name":"wp","href":"https:\/\/api.w.org\/{rel}","templated":true}]}}